{"id":4704,"date":"2019-06-26T09:41:49","date_gmt":"2019-06-26T08:41:49","guid":{"rendered":"https:\/\/mallorca-mindful-movement.com\/contacto\/"},"modified":"2026-01-03T22:38:40","modified_gmt":"2026-01-03T21:38:40","slug":"contacto","status":"publish","type":"page","link":"https:\/\/mallorca-mindful-movement.com\/es\/contacto\/","title":{"rendered":"Contacto"},"content":{"rendered":"<div class=\"wpb-content-wrapper\"><p>[vc_row row_background_text_type=\u00bbvertical\u00bb row_background_text_animation=\u00bbyes\u00bb css=\u00bb.vc_custom_1566222716717{padding-top: 135px !important;padding-bottom: 140px !important;}\u00bb row_background_text_size=\u00bb190px\u00bb row_background_text_2=\u00bbASK\u00bb row_background_text_size_1440=\u00bb140px\u00bb row_background_text_color=\u00bbrgba(104,104,104,0.2)\u00bb][vc_column][vc_row_inner row_content_width=\u00bbgrid\u00bb][vc_column_inner offset=\u00bbvc_col-lg-6 vc_col-md-12&#8243;]<div class=\"mkdf-elements-holder   mkdf-one-column  mkdf-responsive-mode-768 \" ><div class=\"mkdf-eh-item    \"  data-item-class=\"mkdf-eh-custom-4947\" data-769-1024=\"0% 30% 0% 0%\" data-680=\"0% 3% 0% 0%\">\n\t<div class=\"mkdf-eh-item-inner\">\n\t\t<div class=\"mkdf-eh-item-content mkdf-eh-custom-4947\" style=\"padding: 0% 16% 0% 0%\">\n\t\t\t\n<div class=\"mkdf-section-title-holder  \" >\n\t<div class=\"mkdf-st-inner\">\n\t\t\t\t\t<h1 class=\"mkdf-st-title\" >\n\t\t\t\t\t\t\t\t\u00a1NO DUDE EN PREGUNTARNOS!\t\t\t<\/h1>\n\t\t\t\t\t\t\t<p class=\"mkdf-st-text\" style=\"font-size: 18px;line-height: 27px;font-weight: 300;margin-top: 18px\">\n\t\t\t\t\u00bfTienes alguna pregunta? Ponte en contacto con nosotros a trav\u00e9s del formulario de contacto, por correo electr\u00f3nico, ll\u00e1manos o simplemente p\u00e1sate por el estudio. \u00a1Estaremos encantados de atenderte y responder a todas tus preguntas! \ud83d\udda4\t\t\t<\/p>\n\t\t\t\t\t<\/div>\n<\/div>\t\t<\/div>\n\t<\/div>\n<\/div><\/div>[vc_empty_space height=\u00bb19px\u00bb]<div class=\"mkdf-elements-holder   mkdf-two-columns  mkdf-responsive-mode-680 \" ><div class=\"mkdf-eh-item    \"  data-item-class=\"mkdf-eh-custom-6192\" data-769-1024=\"0px 0px 50px 0px\" data-681-768=\"0px 0px 50px 0px\" data-680=\"0px 0px 20px 0px\">\n\t<div class=\"mkdf-eh-item-inner\">\n\t\t<div class=\"mkdf-eh-item-content mkdf-eh-custom-6192\" >\n\t\t\t[vc_column_text]<a href=\"https:\/\/maps.app.goo.gl\/nqVKpTaZKGkiwMVC8\">Carrer de la Goleta 5, Local 5<br \/>\n07610 Can Pastilla\u00a0<\/a>[\/vc_column_text]\t\t<\/div>\n\t<\/div>\n<\/div><div class=\"mkdf-eh-item    \"  data-item-class=\"mkdf-eh-custom-5298\" data-769-1024=\"0px 0px 50px 0px\" data-681-768=\"0px 0px 50px 0px\" data-680=\"0px 0px 50px 0px\">\n\t<div class=\"mkdf-eh-item-inner\">\n\t\t<div class=\"mkdf-eh-item-content mkdf-eh-custom-5298\" >\n\t\t\t[vc_column_text]<strong>+34 971 679 247<\/strong><br \/>\n<a href=\"mailto:hola@tres-m.com\">hola@tres-m.com<\/a>[\/vc_column_text]\t\t<\/div>\n\t<\/div>\n<\/div><\/div>[vc_empty_space][vc_icon icon_fontawesome=\u00bbfas fa-map-marked\u00bb color=\u00bbblack\u00bb size=\u00bbxl\u00bb align=\u00bbcenter\u00bb css_animation=\u00bbbounceIn\u00bb link=\u00bburl:https%3A%2F%2Fmaps.app.goo.gl%2FXTQ2o7Y14mFHW8CK9|\u00bb][\/vc_column_inner][vc_column_inner offset=\u00bbvc_col-lg-6 vc_col-md-12&#8243;]\n<div class=\"wpcf7 no-js\" id=\"wpcf7-f4690-o1\" lang=\"es-ES\" dir=\"ltr\" data-wpcf7-id=\"4690\">\n<div class=\"screen-reader-response\"><p role=\"status\" aria-live=\"polite\" aria-atomic=\"true\"><\/p> <ul><\/ul><\/div>\n<form action=\"\/es\/wp-json\/wp\/v2\/pages\/4704#wpcf7-f4690-o1\" method=\"post\" class=\"wpcf7-form init\" aria-label=\"Formulario de contacto\" novalidate=\"novalidate\" data-status=\"init\">\n<fieldset class=\"hidden-fields-container\"><input type=\"hidden\" name=\"_wpcf7\" value=\"4690\" \/><input type=\"hidden\" name=\"_wpcf7_version\" value=\"6.1.5\" \/><input type=\"hidden\" name=\"_wpcf7_locale\" value=\"es_ES\" \/><input type=\"hidden\" name=\"_wpcf7_unit_tag\" value=\"wpcf7-f4690-o1\" \/><input type=\"hidden\" name=\"_wpcf7_container_post\" value=\"0\" \/><input type=\"hidden\" name=\"_wpcf7_posted_data_hash\" value=\"\" \/>\n<\/fieldset>\n<div class=\"mkdf-custom-form\">\n\t<div class='mkdf-cf-custom mkdf-cf'>\n\t\t<div class='mkdf-two-cols'>\n\t\t\t<p><span class=\"wpcf7-form-control-wrap\" data-name=\"text-423\"><input size=\"40\" maxlength=\"400\" class=\"wpcf7-form-control wpcf7-text wpcf7-validates-as-required\" aria-required=\"true\" aria-invalid=\"false\" placeholder=\"Tu Nombre\" value=\"\" type=\"text\" name=\"text-423\" \/><\/span><span class=\"wpcf7-form-control-wrap\" data-name=\"email-475\"><input size=\"40\" maxlength=\"400\" class=\"wpcf7-form-control wpcf7-email wpcf7-validates-as-required wpcf7-text wpcf7-validates-as-email\" aria-required=\"true\" aria-invalid=\"false\" placeholder=\"Tu E-Mail\" value=\"\" type=\"email\" name=\"email-475\" \/><\/span>\n\t\t\t<\/p>\n\t\t<\/div>\n\t\t<p><span class=\"wpcf7-form-control-wrap\" data-name=\"text-423\"><input size=\"40\" maxlength=\"400\" class=\"wpcf7-form-control wpcf7-text wpcf7-validates-as-required\" aria-required=\"true\" aria-invalid=\"false\" placeholder=\"Tu Tel\u00e9fono\" value=\"\" type=\"text\" name=\"text-423\" \/><\/span><br \/>\n<span class=\"wpcf7-form-control-wrap\" data-name=\"textarea-372\"><textarea cols=\"40\" rows=\"10\" maxlength=\"2000\" class=\"wpcf7-form-control wpcf7-textarea wpcf7-validates-as-required\" aria-required=\"true\" aria-invalid=\"false\" placeholder=\"Como podemos ayudar?...\" name=\"textarea-372\"><\/textarea><\/span>\n\t\t<\/p>\n\t\t<div class=\"mkdf-btn-outer-holder mkdf-btn-outer-simple mkdf-cf-button-outer\">\n\t\t\t<p><button class=\"wpcf7-form-control wpcf7-submit mkdf-btn mkdf-btn-medium mkdf-btn-solid\" type=\"submit\"><span class=\"mkdf-btn-text\">Enviar<\/span><\/button>\n\t\t\t<\/p>\n\t\t\t<div class=\"mkdf-btn-top-line\">\n\t\t\t<\/div>\n\t\t\t<div class=\"mkdf-btn-right-line\">\n\t\t\t<\/div>\n\t\t\t<div class=\"mkdf-btn-bottom-line\">\n\t\t\t<\/div>\n\t\t\t<div class=\"mkdf-btn-left-line\">\n\t\t\t<\/div>\n\t\t<\/div>\n\t<\/div>\n<\/div><p style=\"display: none !important;\" class=\"akismet-fields-container\" data-prefix=\"_wpcf7_ak_\"><label>&#916;<textarea name=\"_wpcf7_ak_hp_textarea\" cols=\"45\" rows=\"8\" maxlength=\"100\"><\/textarea><\/label><input type=\"hidden\" id=\"ak_js_1\" name=\"_wpcf7_ak_js\" value=\"241\"\/><script>document.getElementById( \"ak_js_1\" ).setAttribute( \"value\", ( new Date() ).getTime() );<\/script><\/p><input type='hidden' class='wpcf7-pum' value='{\"closepopup\":false,\"closedelay\":0,\"openpopup\":false,\"openpopup_id\":0}' \/><div class=\"wpcf7-response-output\" aria-hidden=\"true\"><\/div>\n<\/form>\n<\/div>\n[\/vc_column_inner][\/vc_row_inner][\/vc_column][\/vc_row][vc_row row_background_text_animation=\u00bbyes\u00bb content_text_aligment=\u00bbcenter\u00bb simple_background_color=\u00bb#000000&#8243; css=\u00bb.vc_custom_1564047821091{padding-top: 40px !important;padding-bottom: 40px !important;}\u00bb el_class=\u00bbmkdf-instagram-label-bottom-row\u00bb][vc_column]<div class=\"mkdf-iwt clearfix  mkdf-iwt-icon-left mkdf-iwt-icon-small\">\n\t<div class=\"mkdf-iwt-icon\">\n\t\t\t\t\t<a itemprop=\"url\" href=\"https:\/\/www.instagram.com\/mallorca_mindful_movement\/\" target=\"_self\">\n\t\t\t\t\t\t\t\t\t    <span class=\"mkdf-icon-shortcode mkdf-normal   mkdf-icon-small\"  data-color=\"#ffffff\">\n                    <i class=\"mkdf-icon-ion-icon ion-social-instagram mkdf-icon-element\" style=\"color: #ffffff\" ><\/i>            <\/span>\n\t\t\t\t\t\t\t\t<\/a>\n\t\t\t<\/div>\n\t<div class=\"mkdf-iwt-content\" >\n\t\t\t\t\t<h6 class=\"mkdf-iwt-title\" style=\"color: #ffffff;margin-top: 10px\">\n\t\t\t\t\t\t\t\t\t<a itemprop=\"url\" href=\"https:\/\/www.instagram.com\/mallorca_mindful_movement\/\" target=\"_self\">\n\t\t\t\t\t\t\t\t<span class=\"mkdf-iwt-title-text\">FOLLOW US ON @mallorca_mindful_movemen<\/span>\n\t\t\t\t\t\t\t\t\t<\/a>\n\t\t\t\t\t\t\t<\/h6>\n\t\t\t\t\t<\/div>\n<\/div>[\/vc_column][\/vc_row][vc_row row_background_text_animation=\u00bbyes\u00bb simple_background_color=\u00bb#101010&#8243;][vc_column][vc_widget_sidebar sidebar_id=\u00bbh7-instagram\u00bb][\/vc_column][\/vc_row]<\/p>\n<\/div>","protected":false},"excerpt":{"rendered":"<p> [&hellip;]<\/p>\n","protected":false},"author":1,"featured_media":0,"parent":0,"menu_order":0,"comment_status":"closed","ping_status":"closed","template":"full-width.php","meta":{"footnotes":""},"class_list":["post-4704","page","type-page","status-publish","hentry"],"jetpack_sharing_enabled":true,"_links":{"self":[{"href":"https:\/\/mallorca-mindful-movement.com\/es\/wp-json\/wp\/v2\/pages\/4704","targetHints":{"allow":["GET"]}}],"collection":[{"href":"https:\/\/mallorca-mindful-movement.com\/es\/wp-json\/wp\/v2\/pages"}],"about":[{"href":"https:\/\/mallorca-mindful-movement.com\/es\/wp-json\/wp\/v2\/types\/page"}],"author":[{"embeddable":true,"href":"https:\/\/mallorca-mindful-movement.com\/es\/wp-json\/wp\/v2\/users\/1"}],"replies":[{"embeddable":true,"href":"https:\/\/mallorca-mindful-movement.com\/es\/wp-json\/wp\/v2\/comments?post=4704"}],"version-history":[{"count":7,"href":"https:\/\/mallorca-mindful-movement.com\/es\/wp-json\/wp\/v2\/pages\/4704\/revisions"}],"predecessor-version":[{"id":5082,"href":"https:\/\/mallorca-mindful-movement.com\/es\/wp-json\/wp\/v2\/pages\/4704\/revisions\/5082"}],"wp:attachment":[{"href":"https:\/\/mallorca-mindful-movement.com\/es\/wp-json\/wp\/v2\/media?parent=4704"}],"curies":[{"name":"wp","href":"https:\/\/api.w.org\/{rel}","templated":true}]}}