{"id":4701,"date":"2019-06-20T11:10:13","date_gmt":"2019-06-20T10:10:13","guid":{"rendered":"https:\/\/mallorca-mindful-movement.com\/hagase-socio\/"},"modified":"2025-04-16T21:06:59","modified_gmt":"2025-04-16T20:06:59","slug":"hagase-socio","status":"publish","type":"page","link":"https:\/\/mallorca-mindful-movement.com\/es\/hagase-socio\/","title":{"rendered":"H\u00e1gase socio"},"content":{"rendered":"<div class=\"wpb-content-wrapper\"><p>[vc_row btt_skin=\u00bblight\u00bb row_background_text_animation=\u00bbyes\u00bb content_text_aligment=\u00bbcenter\u00bb row_background_text_1=\u00bbBenefits\u00bb row_background_text_size=\u00bb400px\u00bb simple_background_color=\u00bb#000000&#8243; css=\u00bb.vc_custom_1566893624770{padding-top: 140px !important;padding-bottom: 58px !important;}\u00bb el_class=\u00bbmkdf-custom-background-text-weight\u00bb row_background_text_color=\u00bbrgba(104,104,104,0.4)\u00bb][vc_column][vc_row_inner row_content_width=\u00bbgrid\u00bb][vc_column_inner width=\u00bb1\/2&#8243; offset=\u00bbvc_col-lg-3 vc_col-md-6 vc_col-xs-12&#8243;]<div class=\"mkdf-iwt clearfix  mkdf-iwt-icon-top mkdf-iwt-icon-medium\">\n\t<div class=\"mkdf-iwt-icon\">\n\t\t\t\t\t\t\t\t\t<img loading=\"lazy\" decoding=\"async\" width=\"90\" height=\"80\" src=\"https:\/\/mallorca-mindful-movement.com\/wp-content\/uploads\/2019\/06\/h3-icon-1.png\" class=\"attachment-full size-full\" alt=\"u\" \/>\t\t\t\t\t\t<\/div>\n\t<div class=\"mkdf-iwt-content\" >\n\t\t\t\t\t<h3 class=\"mkdf-iwt-title\" style=\"color: #ffffff\">\n\t\t\t\t\t\t\t\t<span class=\"mkdf-iwt-title-text\">Planificaci\u00f3n<\/span>\n\t\t\t\t\t\t\t<\/h3>\n\t\t\t\t\t\t\t<p class=\"mkdf-iwt-text\" style=\"color: #a6a6a6;margin-top: 12px\">Planes de entrenamiento personalizados<\/p>\n\t\t\t<\/div>\n<\/div>[vc_empty_space height=\u00bb75px\u00bb][\/vc_column_inner][vc_column_inner width=\u00bb1\/2&#8243; offset=\u00bbvc_col-lg-3 vc_col-md-6 vc_col-xs-12&#8243;]<div class=\"mkdf-iwt clearfix  mkdf-iwt-icon-top mkdf-iwt-icon-medium\">\n\t<div class=\"mkdf-iwt-icon\">\n\t\t\t\t\t\t\t\t\t<img loading=\"lazy\" decoding=\"async\" width=\"90\" height=\"80\" src=\"https:\/\/mallorca-mindful-movement.com\/wp-content\/uploads\/2019\/06\/h3-icon-2.png\" class=\"attachment-full size-full\" alt=\"k\" \/>\t\t\t\t\t\t<\/div>\n\t<div class=\"mkdf-iwt-content\" >\n\t\t\t\t\t<h3 class=\"mkdf-iwt-title\" style=\"color: #ffffff\">\n\t\t\t\t\t\t\t\t<span class=\"mkdf-iwt-title-text\">Entrenamiento<\/span>\n\t\t\t\t\t\t\t<\/h3>\n\t\t\t\t\t\t\t<p class=\"mkdf-iwt-text\" style=\"color: #a6a6a6;margin-top: 12px\">Entrenamiento personalizado para una mayor movilidad<\/p>\n\t\t\t<\/div>\n<\/div>[vc_empty_space height=\u00bb75px\u00bb][\/vc_column_inner][vc_column_inner width=\u00bb1\/2&#8243; offset=\u00bbvc_col-lg-3 vc_col-md-6 vc_col-xs-12&#8243;]<div class=\"mkdf-iwt clearfix  mkdf-iwt-icon-top mkdf-iwt-icon-medium\">\n\t<div class=\"mkdf-iwt-icon\">\n\t\t\t\t\t<a itemprop=\"url\" href=\"#\" target=\"_self\">\n\t\t\t\t\t\t\t\t\t<img loading=\"lazy\" decoding=\"async\" width=\"90\" height=\"80\" src=\"https:\/\/mallorca-mindful-movement.com\/wp-content\/uploads\/2019\/06\/h3-icon-3.png\" class=\"attachment-full size-full\" alt=\"e\" \/>\t\t\t\t\t\t\t\t<\/a>\n\t\t\t<\/div>\n\t<div class=\"mkdf-iwt-content\" >\n\t\t\t\t\t<h3 class=\"mkdf-iwt-title\" style=\"color: #ffffff\">\n\t\t\t\t\t\t\t\t\t<a itemprop=\"url\" href=\"#\" target=\"_self\">\n\t\t\t\t\t\t\t\t<span class=\"mkdf-iwt-title-text\">Nutrici\u00f3n<\/span>\n\t\t\t\t\t\t\t\t\t<\/a>\n\t\t\t\t\t\t\t<\/h3>\n\t\t\t\t\t\t\t<p class=\"mkdf-iwt-text\" style=\"color: #a6a6a6;margin-top: 12px\">Sugerencias y recomendaciones para una dieta sana<\/p>\n\t\t\t<\/div>\n<\/div>[vc_empty_space height=\u00bb75px\u00bb][\/vc_column_inner][vc_column_inner width=\u00bb1\/2&#8243; offset=\u00bbvc_col-lg-3 vc_col-md-6 vc_col-xs-12&#8243;]<div class=\"mkdf-iwt clearfix  mkdf-iwt-icon-top mkdf-iwt-icon-medium\">\n\t<div class=\"mkdf-iwt-icon\">\n\t\t\t\t\t\t\t\t\t<img loading=\"lazy\" decoding=\"async\" width=\"90\" height=\"80\" src=\"https:\/\/mallorca-mindful-movement.com\/wp-content\/uploads\/2019\/06\/h3-icon-4.png\" class=\"attachment-full size-full\" alt=\"u\" \/>\t\t\t\t\t\t<\/div>\n\t<div class=\"mkdf-iwt-content\" >\n\t\t\t\t\t<h3 class=\"mkdf-iwt-title\" style=\"color: #ffffff\">\n\t\t\t\t\t\t\t\t<span class=\"mkdf-iwt-title-text\">Equipamiento<\/span>\n\t\t\t\t\t\t\t<\/h3>\n\t\t\t\t\t\t\t<p class=\"mkdf-iwt-text\" style=\"color: #a6a6a6;margin-top: 12px\">Equipamiento y tecnolog\u00eda profesional para su bienestar<\/p>\n\t\t\t<\/div>\n<\/div>[vc_empty_space height=\u00bb75px\u00bb][\/vc_column_inner][\/vc_row_inner][\/vc_column][\/vc_row][vc_row row_content_width=\u00bbgrid\u00bb row_background_text_animation=\u00bbyes\u00bb content_text_aligment=\u00bbcenter\u00bb css=\u00bb.vc_custom_1563874346939{padding-top: 140px !important;padding-bottom: 140px !important;}\u00bb][vc_column]<div class=\"mkdf-pricing-tables mkdf-grid-list mkdf-disable-bottom-space clearfix mkdf-three-columns mkdf-normal-space\"><div class=\"mkdf-pt-wrapper mkdf-outer-space\"><div class=\"mkdf-price-table mkdf-item-space  \">\n\t<div class=\"mkdf-pt-inner\" >\n        <img decoding=\"async\" class=\"mkdf-pt-image\" src=\"https:\/\/mallorca-mindful-movement.com\/wp-content\/uploads\/2024\/10\/yoga-price.jpg\" alt=\"Yoga\" \/>\n\t\t<ul>\n\t\t\t<li class=\"mkdf-pt-title-holder\">\n                <h6 class=\"mkdf-pt-mark\" >mensual<\/h6>\n\t\t\t\t<h3 class=\"mkdf-pt-title\" style=\"color: #000000\">Yoga<\/h3>\n\t\t\t<\/li>\n\t\t\t<li class=\"mkdf-pt-prices\">\n\t\t\t\t<sup class=\"mkdf-pt-value\" >\u20ac<\/sup>\n\t\t\t\t<span class=\"mkdf-pt-price\" style=\"color: #000000\">130<\/span>\n\t\t\t<\/li>\n\t\t\t<li class=\"mkdf-pt-content\">\n\t\t\t\t\n<ul>\n<li>Yoga ilimitado*<\/li>\n<li>Grupos peque\u00f1o<\/li>\n<li>4 meses permanencia<\/li>\n<li>Aqua &amp; T\u00e9 incl.<\/li>\n<li>Yoga Utensilios incl.<\/li>\n<\/ul>\n<h6 style=\"text-align: left;\">*hasta 10 clases al mes<\/h6>\n\t\t\t<\/li>\n\t\t\t\t\t<\/ul>\n\t<\/div>\n<\/div><div class=\"mkdf-price-table mkdf-item-space  \">\n\t<div class=\"mkdf-pt-inner\" >\n        <img decoding=\"async\" class=\"mkdf-pt-image\" src=\"https:\/\/mallorca-mindful-movement.com\/wp-content\/uploads\/2024\/10\/EMS-3_price.jpg\" alt=\"EMS Beginner\" \/>\n\t\t<ul>\n\t\t\t<li class=\"mkdf-pt-title-holder\">\n                <h6 class=\"mkdf-pt-mark\" >mensual<\/h6>\n\t\t\t\t<h3 class=\"mkdf-pt-title\" style=\"color: #000000\">EMS Beginner<\/h3>\n\t\t\t<\/li>\n\t\t\t<li class=\"mkdf-pt-prices\">\n\t\t\t\t<sup class=\"mkdf-pt-value\" >\u20ac<\/sup>\n\t\t\t\t<span class=\"mkdf-pt-price\" style=\"color: #000000\">100<\/span>\n\t\t\t<\/li>\n\t\t\t<li class=\"mkdf-pt-content\">\n\t\t\t\t\n<ul>\n<li>1x al semana<\/li>\n<li>4 meses permanencia<\/li>\n<li>Entrenamiento 1:1<\/li>\n<li>Ropa de Entrenamiento incl.<\/li>\n<li>Toallas incl.<\/li>\n<\/ul>\n\t\t\t<\/li>\n\t\t\t\t\t<\/ul>\n\t<\/div>\n<\/div><div class=\"mkdf-price-table mkdf-item-space  \">\n\t<div class=\"mkdf-pt-inner\" >\n        <img decoding=\"async\" class=\"mkdf-pt-image\" src=\"https:\/\/mallorca-mindful-movement.com\/wp-content\/uploads\/2024\/10\/EMS-senior_price.jpg\" alt=\"EMS Advanced\" \/>\n\t\t<ul>\n\t\t\t<li class=\"mkdf-pt-title-holder\">\n                <h6 class=\"mkdf-pt-mark\" >mensual<\/h6>\n\t\t\t\t<h3 class=\"mkdf-pt-title\" style=\"color: #000000\">EMS Advanced<\/h3>\n\t\t\t<\/li>\n\t\t\t<li class=\"mkdf-pt-prices\">\n\t\t\t\t<sup class=\"mkdf-pt-value\" >\u20ac<\/sup>\n\t\t\t\t<span class=\"mkdf-pt-price\" style=\"color: #000000\">180<\/span>\n\t\t\t<\/li>\n\t\t\t<li class=\"mkdf-pt-content\">\n\t\t\t\t\n<ul>\n<li>2x al semana<\/li>\n<li>4 meses permanencia<\/li>\n<li>Entrenamiento 1:1<\/li>\n<li>Ropa de Entrenamiento incl.<\/li>\n<li>Toallas incl.<\/li>\n<\/ul>\n\t\t\t<\/li>\n\t\t\t\t\t<\/ul>\n\t<\/div>\n<\/div><\/div><\/div><div class=\"mkdf-pricing-tables mkdf-grid-list mkdf-disable-bottom-space clearfix mkdf-three-columns mkdf-normal-space\"><div class=\"mkdf-pt-wrapper mkdf-outer-space\"><div class=\"mkdf-price-table mkdf-item-space  \">\n\t<div class=\"mkdf-pt-inner\" >\n        <img decoding=\"async\" class=\"mkdf-pt-image\" src=\"https:\/\/mallorca-mindful-movement.com\/wp-content\/uploads\/2024\/10\/yoga_ems-2.jpg\" alt=\"Yoga &amp; EMS Pro\" \/>\n\t\t<ul>\n\t\t\t<li class=\"mkdf-pt-title-holder\">\n                <h6 class=\"mkdf-pt-mark\" >mensual<\/h6>\n\t\t\t\t<h3 class=\"mkdf-pt-title\" style=\"color: #000000\">Yoga &amp; EMS Pro<\/h3>\n\t\t\t<\/li>\n\t\t\t<li class=\"mkdf-pt-prices\">\n\t\t\t\t<sup class=\"mkdf-pt-value\" >\u20ac<\/sup>\n\t\t\t\t<span class=\"mkdf-pt-price\" style=\"color: #000000\">150<\/span>\n\t\t\t<\/li>\n\t\t\t<li class=\"mkdf-pt-content\">\n\t\t\t\t\n<ul>\n<li>Yoga &amp; EMS 1x al semana<\/li>\n<li>Entrenamiento EMS<\/li>\n<li>Yoga en grupo peque\u00f1o<\/li>\n<li>4 meses permanencia<\/li>\n<li>Aqua &amp; T\u00e9 incl.<\/li>\n<li>Utensilios incl.<\/li>\n<\/ul>\n\t\t\t<\/li>\n\t\t\t\t\t<\/ul>\n\t<\/div>\n<\/div><div class=\"mkdf-price-table mkdf-item-space  \">\n\t<div class=\"mkdf-pt-inner\" >\n        <img decoding=\"async\" class=\"mkdf-pt-image\" src=\"https:\/\/mallorca-mindful-movement.com\/wp-content\/uploads\/2024\/10\/yoga_ems-1.jpg\" alt=\"Yoga &amp; EMS MAX\" \/>\n\t\t<ul>\n\t\t\t<li class=\"mkdf-pt-title-holder\">\n                <h6 class=\"mkdf-pt-mark\" >mensual<\/h6>\n\t\t\t\t<h3 class=\"mkdf-pt-title\" style=\"color: #000000\">Yoga &amp; EMS MAX<\/h3>\n\t\t\t<\/li>\n\t\t\t<li class=\"mkdf-pt-prices\">\n\t\t\t\t<sup class=\"mkdf-pt-value\" >\u20ac<\/sup>\n\t\t\t\t<span class=\"mkdf-pt-price\" style=\"color: #000000\">260<\/span>\n\t\t\t<\/li>\n\t\t\t<li class=\"mkdf-pt-content\">\n\t\t\t\t\n<ul>\n<li>Yoga &amp; EMS 2x al semana<\/li>\n<li>Entenamiento EMS<\/li>\n<li>Yoga en grupo peque\u00f1o<\/li>\n<li>4 meses permanencia<\/li>\n<li>Aqua &amp; T\u00e9 incl.<\/li>\n<li>Utensilios incl.<\/li>\n<\/ul>\n\t\t\t<\/li>\n\t\t\t\t\t<\/ul>\n\t<\/div>\n<\/div><div class=\"mkdf-price-table mkdf-item-space  \">\n\t<div class=\"mkdf-pt-inner\" >\n        <img decoding=\"async\" class=\"mkdf-pt-image\" src=\"https:\/\/mallorca-mindful-movement.com\/wp-content\/uploads\/2024\/10\/VIP.jpg\" alt=\"VIP Member\" \/>\n\t\t<ul>\n\t\t\t<li class=\"mkdf-pt-title-holder\">\n                <h6 class=\"mkdf-pt-mark\" >mensual<\/h6>\n\t\t\t\t<h3 class=\"mkdf-pt-title\" style=\"color: #000000\">VIP Member<\/h3>\n\t\t\t<\/li>\n\t\t\t<li class=\"mkdf-pt-prices\">\n\t\t\t\t<sup class=\"mkdf-pt-value\" >\u20ac<\/sup>\n\t\t\t\t<span class=\"mkdf-pt-price\" style=\"color: #000000\">333<\/span>\n\t\t\t<\/li>\n\t\t\t<li class=\"mkdf-pt-content\">\n\t\t\t\t\n<ul>\n<li>2x al semana EMS<\/li>\n<li>2x al semana ActiDrain<\/li>\n<li>1x al semana Yoga*<\/li>\n<li>Entrenamiento 1:1<\/li>\n<li>Ropa entrenamiento incl.<\/li>\n<li>Toallas incl.<\/li>\n<li>Bebidas incl.**<\/li>\n<li>Welcome-Vip Member Paquete<\/li>\n<\/ul>\n<h6 style=\"text-align: left;\">*cada clase de yoga adicional solo 5\u20ac<\/h6>\n<h6 style=\"text-align: left;\">**Aqua, T\u00e9, caf\u00e9, limo de proteina<\/h6>\n\t\t\t<\/li>\n\t\t\t\t\t<\/ul>\n\t<\/div>\n<\/div><\/div><\/div>[\/vc_column][\/vc_row][vc_row btt_skin=\u00bblight\u00bb row_background_text_animation=\u00bbyes\u00bb][vc_column]<div class=\"mkdf-elements-holder   mkdf-one-column  mkdf-responsive-mode-768 \" ><div class=\"mkdf-eh-item   mkdf-horizontal-alignment-center \"  data-item-class=\"mkdf-eh-custom-2983\" data-1367-1600=\"0 26%\" data-1025-1366=\"0 25%\" data-769-1024=\"0 11%\" data-681-768=\"0 13%\" data-680=\"0 11%\">\n\t<div class=\"mkdf-eh-item-inner\">\n\t\t<div class=\"mkdf-eh-item-content mkdf-eh-custom-2983\" style=\"padding: 0 32%\">\n\t\t\t\n<div class=\"mkdf-section-title-holder  \" >\n\t<div class=\"mkdf-st-inner\">\n\t\t\t\t\t<h1 class=\"mkdf-st-title\" >\n\t\t\t\t\t\t\t\tMejor junto\t\t\t<\/h1>\n\t\t\t\t\t\t\t<p class=\"mkdf-st-text\" style=\"color: #a6a6a6;font-size: 18px;margin-top: 24px\">\n\t\t\t\t\u00bfPrefiere entrenar con su pareja, un amigo u otros seres queridos? No hay problema. Tenemos la soluci\u00f3n perfecta y ofrecemos entrenamiento doble. Entrene al mismo tiempo y ahorre tiempo y dinero. Puede obtener m\u00e1s informaci\u00f3n y precios en el estudio.\t\t\t<\/p>\n\t\t\t\t\t<\/div>\n<\/div>\t\t<\/div>\n\t<\/div>\n<\/div><\/div>[\/vc_column][\/vc_row][vc_row row_background_text_type=\u00bbvertical\u00bb row_background_text_animation=\u00bbyes\u00bb row_background_text_2=\u00bbASK\u00bb row_background_text_size=\u00bb190px\u00bb css=\u00bb.vc_custom_1566220456093{padding-top: 140px !important;padding-bottom: 140px !important;}\u00bb row_background_text_size_1440=\u00bb140px\u00bb row_background_text_color=\u00bbrgba(104,104,104,0.2)\u00bb][vc_column][vc_row_inner row_content_width=\u00bbgrid\u00bb][vc_column_inner offset=\u00bbvc_col-lg-6 vc_col-md-12 vc_col-xs-12&#8243;]<div class=\"mkdf-elements-holder   mkdf-one-column  mkdf-responsive-mode-768 \" ><div class=\"mkdf-eh-item    \"  data-item-class=\"mkdf-eh-custom-7402\" data-1367-1600=\"0 0% 17px 15%\" data-1025-1366=\"0 0% 17px 7%\">\n\t<div class=\"mkdf-eh-item-inner\">\n\t\t<div class=\"mkdf-eh-item-content mkdf-eh-custom-7402\" style=\"padding: 0 15% 17px 0\">\n\t\t\t\n<div class=\"mkdf-section-title-holder  \" >\n\t<div class=\"mkdf-st-inner\">\n\t\t\t\t\t<h1 class=\"mkdf-st-title\" >\n\t\t\t\t\t\t\t\tNO DUDE<br \/> EN PREGUNTAR CUALQUIER COSA\t\t\t<\/h1>\n\t\t\t\t\t\t\t<p class=\"mkdf-st-text\" style=\"font-size: 18px;line-height: 27px;font-weight: 300;margin-top: 15px\">\n\t\t\t\t\u00bfTiene alguna pregunta? Entonces p\u00f3ngase en contacto con nosotros a trav\u00e9s del formulario de contacto, env\u00edenos un correo electr\u00f3nico, ll\u00e1menos o simplemente pase por el estudio de forma espont\u00e1nea. Estaremos encantados de responder a todas sus preguntas. \ud83d\udda4\t\t\t<\/p>\n\t\t\t\t\t<\/div>\n<\/div>\t\t<\/div>\n\t<\/div>\n<\/div><\/div><div class=\"mkdf-elements-holder   mkdf-two-columns  mkdf-responsive-mode-680 \" ><div class=\"mkdf-eh-item    \"  data-item-class=\"mkdf-eh-custom-6195\" data-1367-1600=\"0 0 0 31%\" data-1025-1366=\"0 0 0 15%\" data-769-1024=\"0 0 70px 0\" data-681-768=\"0 0 70px 0\" data-680=\"0 0 20px 0\">\n\t<div class=\"mkdf-eh-item-inner\">\n\t\t<div class=\"mkdf-eh-item-content mkdf-eh-custom-6195\" >\n\t\t\t[vc_column_text]<a href=\"https:\/\/maps.app.goo.gl\/nqVKpTaZKGkiwMVC8\">Carrer de la Goleta 5, Local 5<br \/>\n07610 Can Pastilla\u00a0<\/a>[\/vc_column_text]\t\t<\/div>\n\t<\/div>\n<\/div><div class=\"mkdf-eh-item    \"  data-item-class=\"mkdf-eh-custom-6471\" data-1367-1600=\"0 0% 0 21%\" data-1025-1366=\"0 0 0 15%\" data-769-1024=\"0 0 70px 0\" data-681-768=\"0 0 70px 0\" data-680=\"0 0 40px 0\">\n\t<div class=\"mkdf-eh-item-inner\">\n\t\t<div class=\"mkdf-eh-item-content mkdf-eh-custom-6471\" >\n\t\t\t[vc_column_text]<strong>+34 971 679 247<\/strong><br \/>\n<a href=\"mailto:hola@tres-m.com\">hola@tres-m.com<\/a>[\/vc_column_text]\t\t<\/div>\n\t<\/div>\n<\/div><\/div>[vc_empty_space][vc_icon icon_fontawesome=\u00bbfas fa-map-marked\u00bb color=\u00bbblack\u00bb size=\u00bbxl\u00bb align=\u00bbcenter\u00bb link=\u00bburl:https%3A%2F%2Fmaps.app.goo.gl%2FXTQ2o7Y14mFHW8CK9|\u00bb][\/vc_column_inner][vc_column_inner offset=\u00bbvc_col-lg-6 vc_col-md-12 vc_col-xs-12&#8243;]\n<div class=\"wpcf7 no-js\" id=\"wpcf7-f4690-o1\" lang=\"es-ES\" dir=\"ltr\" data-wpcf7-id=\"4690\">\n<div class=\"screen-reader-response\"><p role=\"status\" aria-live=\"polite\" aria-atomic=\"true\"><\/p> <ul><\/ul><\/div>\n<form action=\"\/es\/wp-json\/wp\/v2\/pages\/4701#wpcf7-f4690-o1\" method=\"post\" class=\"wpcf7-form init\" aria-label=\"Formulario de contacto\" novalidate=\"novalidate\" data-status=\"init\">\n<fieldset class=\"hidden-fields-container\"><input type=\"hidden\" name=\"_wpcf7\" value=\"4690\" \/><input type=\"hidden\" name=\"_wpcf7_version\" value=\"6.1.5\" \/><input type=\"hidden\" name=\"_wpcf7_locale\" value=\"es_ES\" \/><input type=\"hidden\" name=\"_wpcf7_unit_tag\" value=\"wpcf7-f4690-o1\" \/><input type=\"hidden\" name=\"_wpcf7_container_post\" value=\"0\" \/><input type=\"hidden\" name=\"_wpcf7_posted_data_hash\" value=\"\" \/>\n<\/fieldset>\n<div class=\"mkdf-custom-form\">\n\t<div class='mkdf-cf-custom mkdf-cf'>\n\t\t<div class='mkdf-two-cols'>\n\t\t\t<p><span class=\"wpcf7-form-control-wrap\" data-name=\"text-423\"><input size=\"40\" maxlength=\"400\" class=\"wpcf7-form-control wpcf7-text wpcf7-validates-as-required\" aria-required=\"true\" aria-invalid=\"false\" placeholder=\"Tu Nombre\" value=\"\" type=\"text\" name=\"text-423\" \/><\/span><span class=\"wpcf7-form-control-wrap\" data-name=\"email-475\"><input size=\"40\" maxlength=\"400\" class=\"wpcf7-form-control wpcf7-email wpcf7-validates-as-required wpcf7-text wpcf7-validates-as-email\" aria-required=\"true\" aria-invalid=\"false\" placeholder=\"Tu E-Mail\" value=\"\" type=\"email\" name=\"email-475\" \/><\/span>\n\t\t\t<\/p>\n\t\t<\/div>\n\t\t<p><span class=\"wpcf7-form-control-wrap\" data-name=\"text-423\"><input size=\"40\" maxlength=\"400\" class=\"wpcf7-form-control wpcf7-text wpcf7-validates-as-required\" aria-required=\"true\" aria-invalid=\"false\" placeholder=\"Tu Tel\u00e9fono\" value=\"\" type=\"text\" name=\"text-423\" \/><\/span><br \/>\n<span class=\"wpcf7-form-control-wrap\" data-name=\"textarea-372\"><textarea cols=\"40\" rows=\"10\" maxlength=\"2000\" class=\"wpcf7-form-control wpcf7-textarea wpcf7-validates-as-required\" aria-required=\"true\" aria-invalid=\"false\" placeholder=\"Como podemos ayudar?...\" name=\"textarea-372\"><\/textarea><\/span>\n\t\t<\/p>\n\t\t<div class=\"mkdf-btn-outer-holder mkdf-btn-outer-simple mkdf-cf-button-outer\">\n\t\t\t<p><button class=\"wpcf7-form-control wpcf7-submit mkdf-btn mkdf-btn-medium mkdf-btn-solid\" type=\"submit\"><span class=\"mkdf-btn-text\">Enviar<\/span><\/button>\n\t\t\t<\/p>\n\t\t\t<div class=\"mkdf-btn-top-line\">\n\t\t\t<\/div>\n\t\t\t<div class=\"mkdf-btn-right-line\">\n\t\t\t<\/div>\n\t\t\t<div class=\"mkdf-btn-bottom-line\">\n\t\t\t<\/div>\n\t\t\t<div class=\"mkdf-btn-left-line\">\n\t\t\t<\/div>\n\t\t<\/div>\n\t<\/div>\n<\/div><p style=\"display: none !important;\" class=\"akismet-fields-container\" data-prefix=\"_wpcf7_ak_\"><label>&#916;<textarea name=\"_wpcf7_ak_hp_textarea\" cols=\"45\" rows=\"8\" maxlength=\"100\"><\/textarea><\/label><input type=\"hidden\" id=\"ak_js_1\" name=\"_wpcf7_ak_js\" value=\"23\"\/><script>document.getElementById( \"ak_js_1\" ).setAttribute( \"value\", ( new Date() ).getTime() );<\/script><\/p><input type='hidden' class='wpcf7-pum' value='{\"closepopup\":false,\"closedelay\":0,\"openpopup\":false,\"openpopup_id\":0}' \/><div class=\"wpcf7-response-output\" aria-hidden=\"true\"><\/div>\n<\/form>\n<\/div>\n[\/vc_column_inner][\/vc_row_inner][\/vc_column][\/vc_row][vc_row btt_skin=\u00bblight\u00bb row_background_text_animation=\u00bbyes\u00bb content_text_aligment=\u00bbcenter\u00bb simple_background_color=\u00bb#000000&#8243; css=\u00bb.vc_custom_1566462192734{padding-top: 40px !important;padding-bottom: 40px !important;}\u00bb el_class=\u00bbmkdf-instagram-label-bottom-row\u00bb][vc_column]<div class=\"mkdf-iwt clearfix  mkdf-iwt-icon-left mkdf-iwt-icon-small\">\n\t<div class=\"mkdf-iwt-icon\">\n\t\t\t\t\t<a itemprop=\"url\" href=\"https:\/\/www.instagram.com\/mallorca_mindful_movement\/\" target=\"_blank\">\n\t\t\t\t\t\t\t\t\t    <span class=\"mkdf-icon-shortcode mkdf-normal   mkdf-icon-small\"  data-color=\"#ffffff\">\n                    <i class=\"mkdf-icon-ion-icon ion-social-instagram mkdf-icon-element\" style=\"color: #ffffff\" ><\/i>            <\/span>\n\t\t\t\t\t\t\t\t<\/a>\n\t\t\t<\/div>\n\t<div class=\"mkdf-iwt-content\" >\n\t\t\t\t\t<h6 class=\"mkdf-iwt-title\" style=\"color: #ffffff;margin-top: 10px\">\n\t\t\t\t\t\t\t\t\t<a itemprop=\"url\" href=\"https:\/\/www.instagram.com\/mallorca_mindful_movement\/\" target=\"_blank\">\n\t\t\t\t\t\t\t\t<span class=\"mkdf-iwt-title-text\">FOLLOW US ON @mallorca_mindful_movement<\/span>\n\t\t\t\t\t\t\t\t\t<\/a>\n\t\t\t\t\t\t\t<\/h6>\n\t\t\t\t\t<\/div>\n<\/div>[\/vc_column][\/vc_row][vc_row btt_skin=\u00bblight\u00bb row_background_text_animation=\u00bbyes\u00bb][vc_column][vc_widget_sidebar sidebar_id=\u00bbh7-instagram\u00bb][\/vc_column][\/vc_row]<\/p>\n<\/div>","protected":false},"excerpt":{"rendered":"<p> [&hellip;]<\/p>\n","protected":false},"author":1,"featured_media":0,"parent":0,"menu_order":0,"comment_status":"closed","ping_status":"closed","template":"full-width.php","meta":{"footnotes":""},"class_list":["post-4701","page","type-page","status-publish","hentry"],"jetpack_sharing_enabled":true,"_links":{"self":[{"href":"https:\/\/mallorca-mindful-movement.com\/es\/wp-json\/wp\/v2\/pages\/4701","targetHints":{"allow":["GET"]}}],"collection":[{"href":"https:\/\/mallorca-mindful-movement.com\/es\/wp-json\/wp\/v2\/pages"}],"about":[{"href":"https:\/\/mallorca-mindful-movement.com\/es\/wp-json\/wp\/v2\/types\/page"}],"author":[{"embeddable":true,"href":"https:\/\/mallorca-mindful-movement.com\/es\/wp-json\/wp\/v2\/users\/1"}],"replies":[{"embeddable":true,"href":"https:\/\/mallorca-mindful-movement.com\/es\/wp-json\/wp\/v2\/comments?post=4701"}],"version-history":[{"count":7,"href":"https:\/\/mallorca-mindful-movement.com\/es\/wp-json\/wp\/v2\/pages\/4701\/revisions"}],"predecessor-version":[{"id":4903,"href":"https:\/\/mallorca-mindful-movement.com\/es\/wp-json\/wp\/v2\/pages\/4701\/revisions\/4903"}],"wp:attachment":[{"href":"https:\/\/mallorca-mindful-movement.com\/es\/wp-json\/wp\/v2\/media?parent=4701"}],"curies":[{"name":"wp","href":"https:\/\/api.w.org\/{rel}","templated":true}]}}