{"id":4693,"date":"2019-06-25T13:34:39","date_gmt":"2019-06-25T12:34:39","guid":{"rendered":"https:\/\/mallorca-mindful-movement.com\/sobre-nosotros\/"},"modified":"2025-12-13T00:05:49","modified_gmt":"2025-12-12T23:05:49","slug":"sobre-nosotros","status":"publish","type":"page","link":"https:\/\/mallorca-mindful-movement.com\/es\/sobre-nosotros\/","title":{"rendered":"Sobre Nosotros"},"content":{"rendered":"<div class=\"wpb-content-wrapper\"><p>[vc_row row_content_width=\u00bbgrid\u00bb row_background_text_animation=\u00bbyes\u00bb][vc_column offset=\u00bbvc_col-lg-6&#8243;]<div class=\"mkdf-elements-holder   mkdf-one-column  mkdf-responsive-mode-768 \" ><div class=\"mkdf-eh-item    \"  data-item-class=\"mkdf-eh-custom-5423\" data-1025-1366=\"0px 20% 0 0\" data-769-1024=\"40px 5% 50px 0\" data-681-768=\"0 11% 60px 0\" data-680=\"0px 0% 0 0\">\n\t<div class=\"mkdf-eh-item-inner\">\n\t\t<div class=\"mkdf-eh-item-content mkdf-eh-custom-5423\" style=\"padding: 28px 20% 0 0\">\n\t\t\t[vc_column_text]<\/p>\n<h1>Donde todo empez\u00f3<\/h1>\n<p>[\/vc_column_text][vc_empty_space height=\u00bb33px\u00bb]<p class=\"mkdf-custom-font-holder  mkdf-cf-3926  \" style=\"font-family: Poppins;font-size: 18px;line-height: 27px;font-weight: 300;font-style: inherit;text-decoration: none;margin: -25px 0 0 0\" data-item-class=\"mkdf-cf-3926\">\n\t        Todo empez\u00f3 hace casi dos a\u00f1os cuando convertimos nuestra afici\u00f3n en una profesi\u00f3n y te ayudamos a tener m\u00e1s movilidad en un peque\u00f1o y fino estudio con mucha diversi\u00f3n y amigos. Hemos encontrado nuestra vocaci\u00f3n aqu\u00ed, pero no todos los cap\u00edtulos duran para siempre y s\u00ed, ya hay unos cuantos gimnasios aqu\u00ed \u00a1y algunos muy buenos tambi\u00e9n! Pero son gimnasios cl\u00e1sicos y nos gusta el toque personal y el hecho de entrenar individualmente con cada uno. Adem\u00e1s, a la mayor\u00eda de los gimnasios acuden sobre todo j\u00f3venes que quieren mantenerse en forma, trabajar su figura en bikini o, en general, ganar m\u00fasculo. No hay nada malo en ello, al contrario: el ejercicio en cualquiera de sus formas es estupendo. Pero, \u00bfqu\u00e9 hacer, por ejemplo, a partir de los 50? Te duele el hombro, tienes la espalda r\u00edgida... te duele aqu\u00ed, te duele all\u00e1. Sabes que tienes que hacer algo por tu cuerpo, pero quiz\u00e1s no te sientes del todo bien entre tanta gente y, sobre todo, a veces no sabes qu\u00e9 debes hacer para que funcione. Y fue precisamente a trav\u00e9s de todos estos pensamientos, de amigos, familiares y conocidos, como naci\u00f3 la idea de este estudio.    <\/p>\n\t\t<\/div>\n\t<\/div>\n<\/div><\/div>[\/vc_column][vc_column offset=\u00bbvc_col-lg-6&#8243;]<div class=\"mkdf-elements-holder   mkdf-one-column  mkdf-responsive-mode-768 \" ><div class=\"mkdf-eh-item    \"  data-item-class=\"mkdf-eh-custom-8172\" data-680=\"0 0 0 0\">\n\t<div class=\"mkdf-eh-item-inner\">\n\t\t<div class=\"mkdf-eh-item-content mkdf-eh-custom-8172\" style=\"padding: 0 0 32px 0\">\n\t\t\t[vc_empty_space height=\u00bb54px\u00bb]<div class=\"mkdf-single-image-holder   \">\n    <div class=\"mkdf-si-inner\" >\n                                    <img loading=\"lazy\" decoding=\"async\" width=\"800\" height=\"573\" src=\"https:\/\/mallorca-mindful-movement.com\/wp-content\/uploads\/2024\/10\/about-team.jpg\" class=\"attachment-full size-full\" alt=\"\" srcset=\"https:\/\/mallorca-mindful-movement.com\/wp-content\/uploads\/2024\/10\/about-team.jpg 800w, https:\/\/mallorca-mindful-movement.com\/wp-content\/uploads\/2024\/10\/about-team-300x215.jpg 300w, https:\/\/mallorca-mindful-movement.com\/wp-content\/uploads\/2024\/10\/about-team-768x550.jpg 768w\" sizes=\"auto, (max-width: 800px) 100vw, 800px\" \/>                        <\/div>\n<\/div>\t\t<\/div>\n\t<\/div>\n<\/div><\/div>[\/vc_column][\/vc_row][vc_row row_content_width=\u00bbgrid\u00bb row_background_text_animation=\u00bbyes\u00bb css=\u00bb.vc_custom_1561474662665{padding-top: 108px !important;padding-bottom: 140px !important;}\u00bb][vc_column offset=\u00bbvc_col-lg-6&#8243;][vc_empty_space height=\u00bb55px\u00bb]<div class=\"mkdf-single-image-holder   \">\n    <div class=\"mkdf-si-inner\" >\n                                    <img loading=\"lazy\" decoding=\"async\" width=\"800\" height=\"573\" src=\"https:\/\/mallorca-mindful-movement.com\/wp-content\/uploads\/2025\/01\/studio.jpg\" class=\"attachment-full size-full\" alt=\"\" srcset=\"https:\/\/mallorca-mindful-movement.com\/wp-content\/uploads\/2025\/01\/studio.jpg 800w, https:\/\/mallorca-mindful-movement.com\/wp-content\/uploads\/2025\/01\/studio-300x215.jpg 300w, https:\/\/mallorca-mindful-movement.com\/wp-content\/uploads\/2025\/01\/studio-768x550.jpg 768w\" sizes=\"auto, (max-width: 800px) 100vw, 800px\" \/>                        <\/div>\n<\/div>[\/vc_column][vc_column offset=\u00bbvc_col-lg-6&#8243;]<div class=\"mkdf-elements-holder   mkdf-one-column  mkdf-responsive-mode-768 \" ><div class=\"mkdf-eh-item    \"  data-item-class=\"mkdf-eh-custom-3330\" data-1025-1366=\"0px 20% 0 0\" data-769-1024=\"28px 0 0 0%\" data-681-768=\"28px 0 0 0%\" data-680=\"28px 0 0 0%\">\n\t<div class=\"mkdf-eh-item-inner\">\n\t\t<div class=\"mkdf-eh-item-content mkdf-eh-custom-3330\" style=\"padding: 28px 0 0 17%\">\n\t\t\t[vc_column_text]<\/p>\n<h1>La idea y visi\u00f3n<\/h1>\n<p>[\/vc_column_text][vc_empty_space height=\u00bb33px\u00bb]<p class=\"mkdf-custom-font-holder  mkdf-cf-4168  \" style=\"font-family: Poppins;font-size: 18px;line-height: 27px;font-weight: 300;font-style: inherit;text-decoration: none;margin: -25px 0 0 0\" data-item-class=\"mkdf-cf-4168\">\n\t        Gimnasios llenos, predominio de gente joven... No te gusta mucho ir all\u00ed, \u00bfverdad? Esto plantea la cuesti\u00f3n de c\u00f3mo empezar o qu\u00e9 hacer. Y por si fuera poco... \u00bfc\u00f3mo se puede levantar pesas con una articulaci\u00f3n artificial de cadera, rodilla o columna r\u00edgida? Quiz\u00e1s tambi\u00e9n haya otros problemas. As\u00ed que nos pusimos a pensar y llegamos a la conclusi\u00f3n de que apenas existen programas para personas mayores. Y despu\u00e9s de mucha planificaci\u00f3n y reflexi\u00f3n, ahora estamos aqu\u00ed, precisamente para esto y precisamente (predominantemente) para personas que quieren ir por la vida sin dolor y con buena movilidad, \u00a1incluso en la vejez! Por supuesto, todo el mundo y a cualquier edad es bienvenido a unirse a nosotros y estamos deseando trabajar con usted para mejorar su movilidad.    <\/p>\n\t\t<\/div>\n\t<\/div>\n<\/div><\/div>[\/vc_column][\/vc_row][vc_row btt_skin=\u00bblight\u00bb row_background_text_animation=\u00bbyes\u00bb content_text_aligment=\u00bbcenter\u00bb simple_background_color=\u00bb#000000&#8243; css=\u00bb.vc_custom_1566463168299{padding-top: 40px !important;padding-bottom: 40px !important;}\u00bb el_class=\u00bbmkdf-instagram-label-bottom-row\u00bb][vc_column][vc_empty_space height=\u00bb10px\u00bb][\/vc_column][\/vc_row][vc_row btt_skin=\u00bblight\u00bb row_background_text_animation=\u00bbyes\u00bb content_text_aligment=\u00bbcenter\u00bb simple_background_color=\u00bb#000000&#8243; css=\u00bb.vc_custom_1566463168299{padding-top: 40px !important;padding-bottom: 40px !important;}\u00bb el_class=\u00bbmkdf-instagram-label-bottom-row\u00bb][vc_column]<div class=\"mkdf-iwt clearfix  mkdf-iwt-icon-left mkdf-iwt-icon-small\">\n\t<div class=\"mkdf-iwt-icon\">\n\t\t\t\t\t<a itemprop=\"url\" href=\"https:\/\/www.instagram.com\/mallorca_mindful_movement\/?next=%2F\" target=\"_blank\">\n\t\t\t\t\t\t\t\t\t    <span class=\"mkdf-icon-shortcode mkdf-normal   mkdf-icon-small\"  data-color=\"#ffffff\">\n                    <i class=\"mkdf-icon-ion-icon ion-social-instagram mkdf-icon-element\" style=\"color: #ffffff\" ><\/i>            <\/span>\n\t\t\t\t\t\t\t\t<\/a>\n\t\t\t<\/div>\n\t<div class=\"mkdf-iwt-content\" >\n\t\t\t\t\t<h6 class=\"mkdf-iwt-title\" style=\"color: #ffffff;margin-top: 10px\">\n\t\t\t\t\t\t\t\t\t<a itemprop=\"url\" href=\"https:\/\/www.instagram.com\/mallorca_mindful_movement\/?next=%2F\" target=\"_blank\">\n\t\t\t\t\t\t\t\t<span class=\"mkdf-iwt-title-text\">FOLLOW US ON @mallorca_mindful_movement<\/span>\n\t\t\t\t\t\t\t\t\t<\/a>\n\t\t\t\t\t\t\t<\/h6>\n\t\t\t\t\t<\/div>\n<\/div>[\/vc_column][\/vc_row][vc_row btt_skin=\u00bblight\u00bb row_background_text_animation=\u00bbyes\u00bb simple_background_color=\u00bb#101010&#8243;][vc_column][vc_widget_sidebar sidebar_id=\u00bbh7-instagram\u00bb][\/vc_column][\/vc_row]<\/p>\n<\/div>","protected":false},"excerpt":{"rendered":"<p> [&hellip;]<\/p>\n","protected":false},"author":1,"featured_media":0,"parent":0,"menu_order":0,"comment_status":"closed","ping_status":"closed","template":"full-width.php","meta":{"footnotes":""},"class_list":["post-4693","page","type-page","status-publish","hentry"],"jetpack_sharing_enabled":true,"_links":{"self":[{"href":"https:\/\/mallorca-mindful-movement.com\/es\/wp-json\/wp\/v2\/pages\/4693","targetHints":{"allow":["GET"]}}],"collection":[{"href":"https:\/\/mallorca-mindful-movement.com\/es\/wp-json\/wp\/v2\/pages"}],"about":[{"href":"https:\/\/mallorca-mindful-movement.com\/es\/wp-json\/wp\/v2\/types\/page"}],"author":[{"embeddable":true,"href":"https:\/\/mallorca-mindful-movement.com\/es\/wp-json\/wp\/v2\/users\/1"}],"replies":[{"embeddable":true,"href":"https:\/\/mallorca-mindful-movement.com\/es\/wp-json\/wp\/v2\/comments?post=4693"}],"version-history":[{"count":3,"href":"https:\/\/mallorca-mindful-movement.com\/es\/wp-json\/wp\/v2\/pages\/4693\/revisions"}],"predecessor-version":[{"id":4813,"href":"https:\/\/mallorca-mindful-movement.com\/es\/wp-json\/wp\/v2\/pages\/4693\/revisions\/4813"}],"wp:attachment":[{"href":"https:\/\/mallorca-mindful-movement.com\/es\/wp-json\/wp\/v2\/media?parent=4693"}],"curies":[{"name":"wp","href":"https:\/\/api.w.org\/{rel}","templated":true}]}}