{"id":4655,"date":"2024-10-12T14:36:01","date_gmt":"2024-10-12T13:36:01","guid":{"rendered":"https:\/\/mallorca-mindful-movement.com\/aviso-legal\/"},"modified":"2025-01-10T12:43:19","modified_gmt":"2025-01-10T12:43:19","slug":"aviso-legal","status":"publish","type":"page","link":"https:\/\/mallorca-mindful-movement.com\/es\/aviso-legal\/","title":{"rendered":"Aviso Legal"},"content":{"rendered":"<div class=\"wpb-content-wrapper\"><p>[vc_row row_background_text_animation=\u00bbyes\u00bb][vc_column][vc_column_text]<\/p>\n<h3 class=\"p1\"><b>Aviso legal<\/b><\/h3>\n<p class=\"p2\">MMJG Mindful Life SL<\/p>\n<p class=\"p2\">C\/ Goleta 5, Local 5, 07610 Can Pastilla, Spain<\/p>\n<p class=\"p2\">VAT: ESB16378614<\/p>\n<p class=\"p2\">Gesch\u00e4ftsf\u00fchrung: Miriam Krafczyk<\/p>\n<p class=\"p2\">E-Mail: hola@tres-m.com<\/p>\n<p class=\"p2\">Verantwortlich gem\u00e4\u00df \u00a755 Abs.2 RStV<\/p>\n<p class=\"p1\"><b>Descargo de responsabilidad Responsabilidad por el contenido: <\/b><\/p>\n<p class=\"p1\">Los contenidos de estas p\u00e1ginas se han elaborado con el m\u00e1ximo cuidado. Sin embargo, no se puede garantizar la exactitud, integridad y actualidad de los contenidos. Como proveedor de servicios, somos responsables de los contenidos propios de estas p\u00e1ginas de acuerdo con el art\u00edculo 7 (1) de la TMG (Ley alemana de medios de telecomunicaci\u00f3n) y la legislaci\u00f3n general. Esto no afecta a la obligaci\u00f3n de eliminar o bloquear el uso de informaci\u00f3n de acuerdo con la legislaci\u00f3n general. No obstante, la responsabilidad a este respecto s\u00f3lo ser\u00e1 posible a partir del momento en que se tenga conocimiento de una infracci\u00f3n concreta. En cuanto tengamos conocimiento de tales infracciones, eliminaremos inmediatamente estos contenidos.<\/p>\n<p class=\"p2\"><b>Responsabilidad de los enlaces<\/b><\/p>\n<p class=\"p2\">Este sitio web y las ofertas \/ servicios asociados pueden contener enlaces a sitios web externos de terceros sobre cuyo contenido no tenemos ninguna influencia. Por lo tanto, no podemos asumir y no asumimos ninguna responsabilidad o garant\u00eda por este contenido de terceros.<\/p>\n<p class=\"p2\">El respectivo proveedor u operador de las p\u00e1ginas es siempre responsable del contenido de las p\u00e1ginas enlazadas. Las p\u00e1ginas enlazadas se comprobaron en el momento de enlazarlas para detectar posibles infracciones legales y se comprueban a intervalos regulares, actualiz\u00e1ndose en caso necesario. Sin embargo, el control permanente del contenido de las p\u00e1ginas enlazadas no es posible sin pruebas concretas de una infracci\u00f3n legal.<\/p>\n<p class=\"p2\">Si durante las comprobaciones y actualizaciones se tiene conocimiento de infracciones legales, dichos enlaces se eliminar\u00e1n inmediatamente. Derechos de autor Los contenidos y obras creados por los operadores del sitio en estas p\u00e1ginas est\u00e1n sujetos a la legislaci\u00f3n alemana sobre derechos de autor. La reproducci\u00f3n, el procesamiento, la distribuci\u00f3n y cualquier tipo de utilizaci\u00f3n fuera de los l\u00edmites de la ley de derechos de autor requieren el consentimiento por escrito del respectivo autor o creador. Las descargas y copias de este sitio s\u00f3lo est\u00e1n permitidas para uso privado y no comercial. En la medida en que el contenido de este sitio no haya sido creado por el operador, se respetar\u00e1n e identificar\u00e1n los derechos de autor de terceros. Si tenemos conocimiento de alguna infracci\u00f3n legal, dicho contenido de este sitio se eliminar\u00e1 inmediatamente.<\/p>\n<p class=\"p2\"><b>Protecci\u00f3n de datos<\/b><\/p>\n<p class=\"p2\">El uso de nuestra p\u00e1gina web es posible en general sin necesidad de facilitar datos personales y est\u00e1 sujeto al Reglamento General de Protecci\u00f3n de Datos (RGPD) vigente. En la medida en que en nuestras p\u00e1ginas se recaben datos personales (como nombre, direcci\u00f3n o direcciones de correo electr\u00f3nico, tel\u00e9fono y datos de pago), se har\u00e1 siempre de forma voluntaria en la medida de lo posible. Estos datos no se transmitir\u00e1n a terceros sin su consentimiento expreso. Advertimos que la transmisi\u00f3n de datos a trav\u00e9s de Internet (por ejemplo, en la comunicaci\u00f3n por correo electr\u00f3nico) puede estar sujeta a vulnerabilidades de seguridad. No es posible proteger completamente los datos contra el acceso de terceros. Encontrar\u00e1 todos los detalles en esta p\u00e1gina, en el apartado GDPR.<\/p>\n<p class=\"p2\">Queda expresamente prohibido el uso de los datos de contacto publicados en el aviso legal por parte de terceros para el env\u00edo de publicidad y material informativo no solicitados. El operador de este sitio web se reserva el derecho de emprender acciones legales en caso de incumplimiento.Google<\/p>\n<p class=\"p2\"><b>An\u00e1lisis<\/b><\/p>\n<p class=\"p2\">Este sitio web utiliza Google Analytics, un servicio anal\u00edtico de web prestado por Google Inc (\u00abGoogle\u00bb). Google Analytics utiliza \u00abcookies\u00bb, que son archivos de texto ubicados en su ordenador, para ayudar al website a analizar el uso que hacen los usuarios del sitio web. Encontrar\u00e1 informaci\u00f3n detallada sobre las cookies y Google Analytics en el siguiente enlace: https:\/\/policies.google.com\/technologies\/cookies?hl=en-US. Al utilizar este website Usted consiente el tratamiento de informaci\u00f3n acerca de Usted por Google en la forma y para los fines arriba indicados. Este sitio web utiliza los informes de Google Analytics exclusivamente para las caracter\u00edsticas demogr\u00e1ficas en las que se utilizan los datos de la publicidad basada en intereses de Google. Estos datos no pueden ser rastreados hasta una persona espec\u00edfica y pueden ser desactivados en cualquier momento a trav\u00e9s de la configuraci\u00f3n de anuncios.<\/p>\n<p class=\"p2\">Puede evitar la instalaci\u00f3n de cookies seleccionando la configuraci\u00f3n adecuada en el software de su navegador, pero en este caso es posible que no pueda utilizar todas las funciones de este sitio web en toda su extensi\u00f3n.<\/p>\n<p class=\"p2\"><b>Social Media Buttons\/ Links<\/b><\/p>\n<p class=\"p1\">Este sitio web contiene botones de redes sociales (enlaces) de las redes sociales Facebook e Instagram. Estos son operados exclusivamente por ellos, EE.UU. (Meta). Los botones y\/o enlaces se identifican en la p\u00e1gina web mediante el logotipo de Facebook y\/o Instagram o el a\u00f1adido \u00abMe gusta\u00bb. Esto env\u00eda la informaci\u00f3n de que usted ha visitado nuestro sitio web a Meta. Si ha iniciado sesi\u00f3n en su cuenta personal de usuario de Facebook y\/o Instagram mientras visita nuestro sitio web, la red respectiva puede asignar la visita del sitio web a esta cuenta. A trav\u00e9s de la interacci\u00f3n, por ejemplo, haciendo clic en el bot\u00f3n \u00abMe gusta\u00bb o dejando un comentario, esta informaci\u00f3n correspondiente se transmite directamente a Meta y se almacena all\u00ed. Si desea evitar dicha transmisi\u00f3n de datos, deber\u00e1 cerrar la sesi\u00f3n de su cuenta de Facebook\/Instagram antes de visitar nuestro sitio web o no podr\u00e1 utilizar ninguna publicaci\u00f3n y\/o contenido con las funciones \u00abMe gusta\u00bb y\/o \u00abCompartir\u00bb en este sitio web, si est\u00e1n disponibles. La finalidad y el alcance de la recopilaci\u00f3n de datos por parte de Meta y el posterior procesamiento y uso de sus datos en la misma, as\u00ed como sus derechos al respecto y las opciones de configuraci\u00f3n para proteger su privacidad, pueden consultarse en las siguientes directrices de Meta (Facebook \/ Instagram) en el siguiente enlace: <a href=\"https:\/\/de-de.facebook.com\/privacy\/policy\/?entry_point=data_policy_redirect&amp;entry=0\"><span class=\"s1\">https:\/\/de-de.facebook.com\/privacy\/policy\/?entry_point=data_policy_redirect&amp;entry=0<\/span><\/a><\/p>\n<p class=\"p1\">Este sitio web tambi\u00e9n utiliza el meta p\u00edxel. Este se utiliza para datos de an\u00e1lisis y almacena el comportamiento del usuario. Utilizamos los datos recopilados exclusivamente para mejorar y optimizar constantemente la facilidad de uso del sitio web y, en caso necesario, para anuncios en redes sociales que contengan un enlace a este sitio web. Encontrar\u00e1 informaci\u00f3n detallada sobre el meta p\u00edxel en el siguiente enlace:<\/p>\n<p class=\"p3\"><span class=\"s2\"><a href=\"https:\/\/de-de.facebook.com\/business\/help\/742478679120153?id=1205376682832142\">https:\/\/de-de.facebook.com\/business\/help\/742478679120153?id=1205376682832142<\/a><\/span><\/p>\n<p class=\"p4\"><b>Resoluci\u00f3n de litigios en l\u00ednea (OS)<\/b><\/p>\n<p class=\"p4\">La Comisi\u00f3n Europea ofrece una plataforma para la resoluci\u00f3n de litigios en l\u00ednea (OS), que puede encontrar aqu\u00ed <a href=\"http:\/\/ec.europa.eu\/consumers\/odr\/\"><span class=\"s2\">http:\/\/ec.europa.eu\/consumers\/odr\/<\/span><\/a>. No estamos obligados ni dispuestos a participar en un procedimiento de resoluci\u00f3n de litigios ante una junta arbitral de consumo.Geistiges Eigentum und Nutzungsrechte<\/p>\n<p class=\"p1\">Miriam Krafczyk es la propietaria y\/o posee todas las licencias necesarias, los derechos (de autor) de las fotos, v\u00eddeos y contenidos\/contribuciones editoriales de este sitio web. En caso contrario, se indicar\u00e1 (por ejemplo, mediante un enlace a la fuente correspondiente).<\/p>\n<p class=\"p1\">Los visitantes pueden utilizar las fotos y\/o art\u00edculos en blogs gestionados por ellos. En este caso, al utilizar las fotos deber\u00e1 incluirse un enlace claro y visible a este sitio web (<a href=\"https:\/\/mallorca-mindful-movement.com\/es\/\"><span class=\"s2\">https:\/\/mallorca-mindful-movement.com<\/span><\/a>). Para cualquier otro uso (en particular, reproducci\u00f3n, transmisi\u00f3n y distribuci\u00f3n) de las fotos y los art\u00edculos (por ejemplo, en otros sitios web o en cualquier otro medio) y\/o de los dem\u00e1s contenidos (editoriales), deber\u00e1 obtenerse previamente el consentimiento expreso. Para ello, puede ponerse en contacto a trav\u00e9s de la siguiente direcci\u00f3n de correo electr\u00f3nico: <a href=\"mailto:mk@mmjg-mallorca.com\"><span class=\"s2\">mk@mmjg-mallorca.com<\/span><\/a> . Esto tambi\u00e9n se aplica al uso (reproducci\u00f3n) de estas Condiciones de uso, la Pol\u00edtica de privacidad y el Aviso de propiedad intelectual en el sitio web, las solicitudes de cooperaci\u00f3n y las relaciones p\u00fablicas. Nos reservamos el derecho de emprender acciones legales y utilizar medios legales en caso de incumplimiento de la licencia y\/o del permiso escrito.<\/p>\n<p>[\/vc_column_text][\/vc_column][\/vc_row]<\/p>\n<\/div>","protected":false},"excerpt":{"rendered":"<p> [&hellip;]<\/p>\n","protected":false},"author":1,"featured_media":0,"parent":0,"menu_order":0,"comment_status":"closed","ping_status":"closed","template":"","meta":{"footnotes":""},"class_list":["post-4655","page","type-page","status-publish","hentry"],"jetpack_sharing_enabled":true,"_links":{"self":[{"href":"https:\/\/mallorca-mindful-movement.com\/es\/wp-json\/wp\/v2\/pages\/4655","targetHints":{"allow":["GET"]}}],"collection":[{"href":"https:\/\/mallorca-mindful-movement.com\/es\/wp-json\/wp\/v2\/pages"}],"about":[{"href":"https:\/\/mallorca-mindful-movement.com\/es\/wp-json\/wp\/v2\/types\/page"}],"author":[{"embeddable":true,"href":"https:\/\/mallorca-mindful-movement.com\/es\/wp-json\/wp\/v2\/users\/1"}],"replies":[{"embeddable":true,"href":"https:\/\/mallorca-mindful-movement.com\/es\/wp-json\/wp\/v2\/comments?post=4655"}],"version-history":[{"count":2,"href":"https:\/\/mallorca-mindful-movement.com\/es\/wp-json\/wp\/v2\/pages\/4655\/revisions"}],"predecessor-version":[{"id":4657,"href":"https:\/\/mallorca-mindful-movement.com\/es\/wp-json\/wp\/v2\/pages\/4655\/revisions\/4657"}],"wp:attachment":[{"href":"https:\/\/mallorca-mindful-movement.com\/es\/wp-json\/wp\/v2\/media?parent=4655"}],"curies":[{"name":"wp","href":"https:\/\/api.w.org\/{rel}","templated":true}]}}